{"id":3,"date":"2006-09-19T20:31:40","date_gmt":"2006-09-19T20:31:40","guid":{"rendered":"http:\/\/f-john.de\/lostplaces\/?page_id=3"},"modified":"2015-04-12T16:23:55","modified_gmt":"2015-04-12T16:23:55","slug":"lost-places","status":"publish","type":"page","link":"https:\/\/f-john.de\/lostplaces\/?page_id=3","title":{"rendered":"info: lost places &#8211; landepl\u00e4tze f\u00fcr die zukunft"},"content":{"rendered":"<p>                <a href=\"#ziel1\">-> english version<\/a><br \/>\n&#8222;Lost Places&#8220; sind verlassene Orte, die von einer gewissen Ausstrahlung oder Aura leben, aber ihre urspr\u00fcngliche Bedeutung eingeb\u00fcsst haben. Oft handelt es sich um Orte von milit\u00e4risch-strategischer Bedeutung, die \u00fcber lange Zeit Regionen und soziale Strukturen pr\u00e4gten &#8211; und urpl\u00f6tzlich durch geopolitische Umw\u00e4lzungen oder durch Katastrophen ihre Bedeutung verlieren, vergessen werden und verfallen. <\/p>\n<p>Der &#8222;Sch\u00f6ppinger Berg&#8220; ist ein solcher Ort. Die Spuren seiner j\u00fcngsten Geschichte als &#8222;Nike Missile Base&#8220; im Kalten Krieg mit getarnten Bunkern, Abschu\u00dframpen und Befestigungsanlagen sind, &#8211; aus der N\u00e4he betrachtet &#8211; so un\u00fcbersehbar wie die Windr\u00e4der, die heute eine eher zivil anmutende Nutzung des Areals zur Energiegewinnung bekunden. Als h\u00f6chste Erhebung im westlichen M\u00fcnsterland war der Sch\u00f6ppinger Berg historisch schon immer von strategischer Bedeutung. <\/p>\n<p>Der &#8222;Sch\u00f6ppinger Berg&#8220; war Teil des NATO-Schutzschildes gegen einen atomaren Angriff aus dem sowjetischen Raum. Gesch\u00e4tzt werden sollte niederl\u00e4ndisches, und vor allem britisches Gebiet. Die Zerst\u00f6rung durch nukleare Detonationen in der Luft (z.B. \u00fcber Hannover) wurde hierbei als das geringere \u00dcbel angesehen als eine angenommene Bodenexplosion, zumal das betroffene Areal eher auf dem Gebiet des einstigen Kriegsgegners lag. <\/p>\n<p>Dass die Nike-Rakete von den Amerikanern direkt aus &#8222;Hitlers Wunderwaffe&#8220;, der V2, entwickelt wurde und sie nun &#8211; an gleicher Stelle und im metaphorischen Sinn &#8211;  gegen die &#8222;Geister&#8220; k\u00e4mpfen sollte, die sie rief ist nur wenigen bekannt. Aus Darfeld, Burgsteinfurt, Sch\u00f6ppingen und Heek wurden eine gro\u00dfe Zahl von V2-Angriffen ins &#8222;westliche Feindesland&#8220; geflogen. Kaum bekannt ist, dass es in der Region &#8211; z.B. in der Kleinstadt Oeding &#8211; mindestens einen Absturz einer V2-Rakete gab. <\/p>\n<p>Von Oktober 2006 bis Januar 2007 hielt ich mich als Stipendiat im K\u00fcnstlerdorf Sch\u00f6ppingen auf und versuchte solche Spuren der Vergangenheit mit der Zukunft zu verkn\u00fcpfen. In Anlehnung an den ber\u00fchmten SF-Roman der Br\u00fcder Strugatzki &#8222;Picknick am Wegesrand&#8220; wurden die teilweise sehr umfangreichen Recherchen auch um fiktive Elemente und Fragestellungen erg\u00e4nzt &#8211; z.B.  inwieweit die &#8222;Energien&#8220; solcher &#8222;magischer Orte&#8220; noch aufzusp\u00fcren sind und ob diese sich in einer gar nicht allzufernen Zukunft verwandeln oder transformieren k\u00f6nnten &#8211; und so eine v\u00f6llig neue Bedeutung erlangen k\u00f6nnten. <\/p>\n<p>In diesem Zusammenhang wurde u.a. die Errichtung einer in die Zukunft weisenden &#8222;Andockstation&#8220; denkbarer Fortbewegungsmittel und Kommunikationsstrukturen, eine Art virtueller &#8222;Picknick- und Parkplatz&#8220; in direkter N\u00e4he der ehemaligen Raketenrampen der Natobasis angeregt, der langfristig auf weitere Orte, wie z.B. die verwandte Nikebasis auf dem Hill88 bei San Francisco ausgedehnt werden k\u00f6nnte.<\/p>\n<p><em>Wegen der teilweise internationalen Kooperationen erscheinen die meisten Artikel auf englisch. Kommentare k\u00f6nnen beliebig in deutsch oder englisch abgegeben werden.<\/em><br \/>\n<font color=\"#666633\"\n<a name=\"ziel1\">&#8212;&#8212;&#8212;&#8212;&#8212;&#8212;&#8212;&#8212;&#8212;&#8212;&#8212;&#8212;&#8212;&#8212;&#8212;&#8212;&#8212;&#8212;&#8212;&#8212;&#8212;&#8212;&#8212;&#8212;&#8212;&#8211; <\/a><\/p>\n<p><strong>lost places &#8211; landing places for the future<\/strong><\/p>\n<p>&#8218;Lost Places&#8216;  are abandoned zones or spaces which possess a certain aura or charisma but which have forfeited their original importance. Often, areas which have had a particular strategic or military function at some point can be described this way. These places have  moulded regions and social structures over many years and, unexpectedly,  due to geopolitical revolution or catastrophe, the significance of such an area is lost and the space itself is left to decay and to become forgotten.<\/p>\n<p>The Schoeppinger Berg is one such place. Its previous function as a Nike Missile Base during the Cold War, with its concealed bunkers, launching plaforms and fortifications, is as conspicuous as the nearby wind turbines which serve the more civil purpose of supplying energy to the surrounding area. As the most elevated point in West Muensterland, the Schoeppinger Berg&#8217;s historical significance is mostly due to its strategic position.<\/p>\n<p>The Schoeppinger Berg served as part of NATO&#8217;s program to protect the west from Soviet attack. The Netherlands and, in particular, British Territory needed to be protected. The detonation of nuclear weapons in the air (for instance above Hannover) was seen at this time as a lesser evil than a ground explosion, the more so as the affected area was inhabited by objectors of the war.<\/p>\n<p>It is a little known fact that the Nike Missile evolved directly from Hitler&#8217;s wonderweapon, the V2, and that it would come to be used in the same place and in a metophorical sense against the same &#8218;Geister&#8216;. A large number of V2 missile attacks on the western enemy territories were fired from Darfeld, Burgsteinfurt, Schoeppingen and Heek. Even lesser known is that in this region, for instance in the village of Oeding, at least one V2 missile crash occured.<\/p>\n<p>From October 2006 until January 2007 I was residing in &#8222;K\u00fcnstlerdorf Schoeppingen&#8220; and attempted to research such traces from the past and connect them with the future. Following the Strugatzky Brothers&#8216; well known Sci Fi novel &#8218;Roadside Picnic&#8216;,  fictional elements were influential in this undertaking. To what extent a place such as this impacts upon , how these areas could possibly be used in the not-too-distant future and what character these places could take on as a result were necessary aspects of my enquiry.<\/p>\n<p>One objective was that the resulting edification should resemble a future docking station for conceivable transport systems and communication structures. A sort of &#8218;Rest Area&#8216; juxtaposed with the missile launching pads of the former NATO Base. In longer terms it is intended that the &#8218;Lost Place&#8216; existing on the Schoeppinger Berg will extend to other such spaces such as Hill 88 in San Francisco.<\/p>\n<p><em><br \/>\nTranslation: Lauren Moffat<\/em><br \/>\n<\/font><br \/>\n(c) Franz John | http:\/\/www.f-john.de<br \/>\nwebdesign: franz john<\/p>\n","protected":false},"excerpt":{"rendered":"<p>-> english version &#8222;Lost Places&#8220; sind verlassene Orte, die von einer gewissen Ausstrahlung oder Aura leben, aber ihre urspr\u00fcngliche Bedeutung eingeb\u00fcsst haben. Oft handelt es sich um Orte von milit\u00e4risch-strategischer Bedeutung, die \u00fcber lange Zeit Regionen und soziale Strukturen pr\u00e4gten &#8211; und urpl\u00f6tzlich durch geopolitische Umw\u00e4lzungen oder durch Katastrophen ihre Bedeutung verlieren, vergessen werden und [&hellip;]<\/p>\n","protected":false},"author":1,"featured_media":0,"parent":0,"menu_order":0,"comment_status":"closed","ping_status":"closed","template":"","meta":{"footnotes":""},"class_list":["post-3","page","type-page","status-publish","hentry"],"_links":{"self":[{"href":"https:\/\/f-john.de\/lostplaces\/index.php?rest_route=\/wp\/v2\/pages\/3","targetHints":{"allow":["GET"]}}],"collection":[{"href":"https:\/\/f-john.de\/lostplaces\/index.php?rest_route=\/wp\/v2\/pages"}],"about":[{"href":"https:\/\/f-john.de\/lostplaces\/index.php?rest_route=\/wp\/v2\/types\/page"}],"author":[{"embeddable":true,"href":"https:\/\/f-john.de\/lostplaces\/index.php?rest_route=\/wp\/v2\/users\/1"}],"replies":[{"embeddable":true,"href":"https:\/\/f-john.de\/lostplaces\/index.php?rest_route=%2Fwp%2Fv2%2Fcomments&post=3"}],"version-history":[{"count":12,"href":"https:\/\/f-john.de\/lostplaces\/index.php?rest_route=\/wp\/v2\/pages\/3\/revisions"}],"predecessor-version":[{"id":197,"href":"https:\/\/f-john.de\/lostplaces\/index.php?rest_route=\/wp\/v2\/pages\/3\/revisions\/197"}],"wp:attachment":[{"href":"https:\/\/f-john.de\/lostplaces\/index.php?rest_route=%2Fwp%2Fv2%2Fmedia&parent=3"}],"curies":[{"name":"wp","href":"https:\/\/api.w.org\/{rel}","templated":true}]}}