{"id":82,"date":"2019-08-16T02:28:54","date_gmt":"2019-08-16T00:28:54","guid":{"rendered":"http:\/\/localhost\/?page_id=82"},"modified":"2023-12-03T01:20:18","modified_gmt":"2023-12-03T00:20:18","slug":"info","status":"publish","type":"page","link":"https:\/\/f-john.de\/en\/info\/","title":{"rendered":"Info"},"content":{"rendered":"\r\n<p>&nbsp;<\/p>\r\n<p><strong>Contact:<br \/><a href=\"https:\/\/f-john.de\/kontakt\/\">Studio Franz John<\/a><\/strong><a href=\"https:\/\/f-john.de\/kontakt\/\">,<\/a> Berlin (contact form) <br \/><strong><a id=\"site-title\" class=\"lang-de\" href=\"https:\/\/www.schueppenhauer.com\/\" data-animation-role=\"header-element\">sch\u00fcppenhauer art+projects<\/a><\/strong><a href=\"http:\/\/www.galerie-schueppenhauer.de\/#\/\" target=\"_blank\" rel=\"noreferrer noopener\">,<\/a> Cologne (D)<br \/><br \/><\/p>\r\n<p>&nbsp;<\/p>\r\n\r\n\r\n<hr \/>\r\n<p><strong><span id=\"Werke_im_\u00f6ffentlichen_Raum\" class=\"mw-headline\">Franz John \/<\/span><\/strong><strong><span id=\"Werke_im_\u00f6ffentlichen_Raum\" class=\"mw-headline\"> Works in Public Space <\/span><\/strong><span id=\"Werke_im_\u00f6ffentlichen_Raum\" class=\"mw-headline\">(selection)<\/span><strong><span id=\"Werke_im_\u00f6ffentlichen_Raum\" class=\"mw-headline\"><br \/><\/span><\/strong><\/p>\r\n<p><strong><a href=\"http:\/\/f-john.de\/en\/projects\/salztangente\/\"><em>Salt Axis | Die Salztangente<\/em><\/a><br \/><\/strong>An 80kms sight-specific installation between the cities of Gronau and Bocholt (public art).<br \/>M\u00fcnsterland, Germany, since 2005<br \/><a href=\"http:\/\/nrw-skulptur.net\/skulptur\/die-salztangente\/\" target=\"_blank\" rel=\"noreferrer noopener\">NRWskulptur,<\/a>\u00a0 Public art in North Rhine-Westphalia<\/p>\r\n<p><strong><em><a href=\"http:\/\/f-john.de\/en\/projects\/ressource-farbe\/\">Color as Resource | Ressource Farbe<\/a><\/em><br \/><\/strong>Permanent light installation, <a href=\"https:\/\/www.stiftung-kuenstlerdorf.de\/\" target=\"_blank\" rel=\"noopener\">K\u00fcnstlerdorf Sch\u00f6ppingen<\/a><br \/>Sch\u00f6ppingen, Germany, since 2017<\/p>\r\n<p>&nbsp;<\/p>\r\n<p><strong>Publications<\/strong> (selection)<\/p>\r\n<p><a href=\"http:\/\/f-john.de\/en\/exhibitions\/ressource-farbe-neu\/\"><em><strong>Franz John &#8211; Color as Resource<\/strong><\/em><\/a>\u00a0 | Matthias Lenz\/Regina Michel (Ed.)<br \/>modo Verlag, Freiburg (D), 2019 <br \/><a href=\"https:\/\/modoverlag.de\/gesamtverzeichnis\/kuenstler\/product-page\/buch\/titel\/\/franz-john\/show\/\" target=\"_blank\" rel=\"noopener\">ISBN 978-386833-277-3<\/a><\/p>\r\n<p><strong><em>Von Menschen und Mauern<\/em><\/strong>\u00a0 | Gabriele Muschter\/Uwe Warnke (Ed.)<br \/><em>Marina Abramovi\u0107\u2009\/\u2009Ulay, Kurt Buchwald, Christo, Sighard Gille, Sabina Grzimek, Franz John, Martin Kippenberger, Mark Lammert, Wolf Leo, Ute und Werner Mahler, Rudi Meisel, Manfred Paul, Stefan Roloff, J\u00fcrgen Schneider, Erasmus Schr\u00f6ter, Victor Sloan, Peter Thieme, Wolf Vostell, Dieter Wendland.<\/em><br \/>Lukas Verlag, Berlin (D), 2019<br \/><a href=\"https:\/\/www.lukasverlag.com\/programm\/titel\/531-von-menschen-und-mauern.html\" target=\"_blank\" rel=\"noopener\">ISBN 978-3-86732-344-4<\/a><\/p>\r\n<p><em><strong>Towards (Im)Measurability of Art and Life<\/strong>\u00a0 <\/em>| Miya Yoshida (Ed.)<br \/>Archive Books, Berlin (D), 2018<br \/><a href=\"http:\/\/www.archivebooks.org\/miya-yoshida-towards-immeasurability-of-art-and-life\/\" target=\"_blank\" rel=\"noopener\">ISBN 978-3-943620-64-1<\/a><\/p>\r\n<p><strong><a href=\"http:\/\/www.reframingphotography.com\/content\/franz-john\" target=\"_blank\" rel=\"noreferrer noopener\"><em>Reframing Photography<\/em><\/a><\/strong>\u00a0 | Rebekah Modrak\/Bill Anthes (Ed.)<em><br \/><\/em>Routledge UK, USA, Canada<em>, <\/em>2010<em><br \/><\/em><a href=\"http:\/\/www.amazon.com\/Reframing-Photography-Practice-Rebekah-Modrak\/dp\/0415779200\/ref=sr_1_1?ie=UTF8&amp;s=books&amp;qid=1292781853&amp;sr=8-1\" target=\"_blank\" rel=\"noopener\">ISBN 978-0415779203<\/a><\/p>\r\n<p><strong><a href=\"https:\/\/f-john.de\/en\/projects\/military-eyes\/\"><em>Franz John &#8211; Military Eyes<\/em><\/a>\u00a0<\/strong> | Christel Sch\u00fcppenhauer (Ed.)<br \/>Sch\u00fcppenhauer Verlag, Cologne (D), 1988<br \/>ISBN 3-926226-44-7 <em>(no longer available)<\/em><br \/><a href=\"http:\/\/www.f-john.de\/pdf\/John_Franz_MilitaryEyes.pdf\" target=\"_blank\" rel=\"noopener\">PDF-Download<\/a><\/p>\r\n<p>&nbsp;<\/p>\r\n<p><strong>Videos\/Medienarbeiten<\/strong>\u00a0 (public accessible \/ selection)<\/p>\r\n<p><a href=\"http:\/\/vimeo.com\/72973842\" target=\"_blank\" rel=\"noopener\"><strong><em>Video Visionen<\/em><\/strong><\/a><br \/>Franz John, experimental films &amp; videos 1984-89 (26 min)<br \/>Published by: Edith-Russ-Haus f\u00fcr Medienkunst, Oldenburg (D)<\/p>\r\n<p><a href=\"https:\/\/www.youtube.com\/watch?v=_l5JkAyWglI\" target=\"_blank\" rel=\"noopener\"><em><strong>Dem Hopfen beim Wachsen zuh\u00f6ren &#8230;<\/strong><\/em><\/a><br \/>Franz John, sound art project, 2020\/21 (1 min)<br \/>Published by: The Aesthetics of Biodiversity, Wladiwostok (RU)<\/p>\r\n<p><a href=\"https:\/\/vimeo.com\/4257640\" target=\"_blank\" rel=\"noopener\"><em><strong>Trias &#8211; Evolution \/ Revolution \/ Resolution<\/strong><\/em><\/a><br \/>Franz John, Heiko Daxl, 1998 (15 min)<br \/>Sound: Mona Mur<br \/>Published by: Media in Motion, Zagreb (HR)<\/p>","protected":false},"excerpt":{"rendered":"<p>&nbsp; Contact:Studio Franz John, Berlin (contact form) sch\u00fcppenhauer art+projects, Cologne (D) &nbsp; Franz John \/ Works in Public Space (selection) Salt Axis | Die SalztangenteAn 80kms sight-specific installation between the cities of Gronau and Bocholt (public art).M\u00fcnsterland, Germany, since 2005NRWskulptur,\u00a0 Public art in North Rhine-Westphalia Color as Resource | Ressource FarbePermanent light installation, K\u00fcnstlerdorf Sch\u00f6ppingenSch\u00f6ppingen, [&hellip;]<\/p>\n","protected":false},"author":4,"featured_media":0,"parent":0,"menu_order":0,"comment_status":"closed","ping_status":"closed","template":"","meta":{"_acf_changed":false,"footnotes":""},"class_list":["post-82","page","type-page","status-publish","hentry"],"acf":[],"_links":{"self":[{"href":"https:\/\/f-john.de\/en\/wp-json\/wp\/v2\/pages\/82","targetHints":{"allow":["GET"]}}],"collection":[{"href":"https:\/\/f-john.de\/en\/wp-json\/wp\/v2\/pages"}],"about":[{"href":"https:\/\/f-john.de\/en\/wp-json\/wp\/v2\/types\/page"}],"author":[{"embeddable":true,"href":"https:\/\/f-john.de\/en\/wp-json\/wp\/v2\/users\/4"}],"replies":[{"embeddable":true,"href":"https:\/\/f-john.de\/en\/wp-json\/wp\/v2\/comments?post=82"}],"version-history":[{"count":10,"href":"https:\/\/f-john.de\/en\/wp-json\/wp\/v2\/pages\/82\/revisions"}],"predecessor-version":[{"id":2360,"href":"https:\/\/f-john.de\/en\/wp-json\/wp\/v2\/pages\/82\/revisions\/2360"}],"wp:attachment":[{"href":"https:\/\/f-john.de\/en\/wp-json\/wp\/v2\/media?parent=82"}],"curies":[{"name":"wp","href":"https:\/\/api.w.org\/{rel}","templated":true}]}}